{"id":11,"date":"2023-11-07T15:29:33","date_gmt":"2023-11-07T15:29:33","guid":{"rendered":"http:\/\/www.consorzioboulvert.unina.it\/?page_id=11"},"modified":"2023-11-21T13:16:47","modified_gmt":"2023-11-21T13:16:47","slug":"il-consorzio","status":"publish","type":"page","link":"http:\/\/www.consorzioboulvert.unina.it\/?page_id=11","title":{"rendered":"Il Consorzio"},"content":{"rendered":"\n<figure class=\"wp-block-image size-large\"><img fetchpriority=\"high\" decoding=\"async\" width=\"1024\" height=\"461\" src=\"http:\/\/www.consorzioboulvert.unina.it\/wp-content\/uploads\/2023\/11\/libri3-1024x461.jpg\" alt=\"\" class=\"wp-image-540\" srcset=\"http:\/\/www.consorzioboulvert.unina.it\/wp-content\/uploads\/2023\/11\/libri3-1024x461.jpg 1024w, http:\/\/www.consorzioboulvert.unina.it\/wp-content\/uploads\/2023\/11\/libri3-300x135.jpg 300w, http:\/\/www.consorzioboulvert.unina.it\/wp-content\/uploads\/2023\/11\/libri3-768x346.jpg 768w, http:\/\/www.consorzioboulvert.unina.it\/wp-content\/uploads\/2023\/11\/libri3-1536x691.jpg 1536w, http:\/\/www.consorzioboulvert.unina.it\/wp-content\/uploads\/2023\/11\/libri3-1x1.jpg 1w, http:\/\/www.consorzioboulvert.unina.it\/wp-content\/uploads\/2023\/11\/libri3.jpg 1600w\" sizes=\"(max-width: 1024px) 100vw, 1024px\" \/><\/figure>\n\n\n\n<p><br>Il \u00abConsorzio Interuniversitario G\u00e9rard Boulvert per lo studio della civilt\u00e0 giuridica europea e per la storia dei suoi ordinamenti\u00bb ha assunto l\u2019attuale denominazione nel 1999.<br>\u00c8 costituito dall&#8217;<a href=\"http:\/\/www.unina.it\" target=\"_blank\" rel=\"noreferrer noopener\">Universit\u00e0 di Napoli Federico II<\/a>, dall&#8217;Universit\u00e0 di Camerino, dall&#8217;<a href=\"http:\/\/https.\/\/web.unicz.it\/it\" target=\"_blank\" rel=\"noreferrer noopener\">Universit\u00e0 di Catanzaro Magna Gr\u00e6cia<\/a>, dall&#8217;<a href=\"https:\/\/unikore.it\" target=\"_blank\" rel=\"noreferrer noopener\">Universit\u00e0 Kore di Enna<\/a>, dall&#8217;<a href=\"https:\/\/www.uniroma1.it\/it\" target=\"_blank\" rel=\"noreferrer noopener\">Universit\u00e0 di Roma La Sapienza<\/a>, dall&#8217;<a href=\"https:\/\/unisalento.it\" data-type=\"link\" data-id=\"https:\/\/unisalento.it\" target=\"_blank\" rel=\"noreferrer noopener\">Universit\u00e0 del Salento<\/a>.<br><br>Il Consorzio ha la finalit\u00e0 di promuovere la ricerca e lo studio delle scienze storiche e giuridiche. Ha, altres\u00ec, lo scopo di sviluppare studi e riflessioni sul diritto romano, sulla storia degli ordinamenti medioevali e moderni e sulle correlate realt\u00e0 economiche e sociali, al fine di utilizzare questo patrimonio di sapere per costruire le fondamenta teoriche per la formazione di un comune diritto europeo, che non sia mera somma indecifrabile e incontrollabile di norme e regolamenti, ma che, attraverso la percezione delle discontinuit\u00e0, preservi e rinnovi i princ\u00ecpi su cui il nostro presente \u00e8 costituito.<br><br>A tali fini opera sia nel campo dell\u2019alta formazione che nella ricerca scientifica. Organizza periodicamente &#8211; d\u2019intesa con la Rivista \u00abIndex\u00bb &#8211; il \u00ab<a href=\"http:\/\/www.premioboulvert.unina.it\" target=\"_blank\" rel=\"noreferrer noopener\">Premio romanistico internazionale G\u00e9rard Boulvert<\/a>\u00bb.<br><br>Il Consorzio ha personalit\u00e0 giuridica riconosciuta con <a href=\"http:\/\/www.consorzioboulvert.unina.it\/?page_id=1138\" data-type=\"page\" data-id=\"1138\" target=\"_blank\" rel=\"noreferrer noopener\">D.M. 19 febbraio 2004 del Ministro dell&#8217;Istruzione, dell&#8217;Universit\u00e0 e della Ricerca (G.U., s.g. n. 53 del 4.3.2004<\/a>). Il Consorzio \u00e8 autorizzato a concorrere all&#8217;organizzazione di corsi post-laurea, di specializzazioni, di dottorato di ricerca, masters e stages di formazione, anche in altri Paesi, previa stipula di convenzioni.<br><br>II Consorzio \u00e8 stato fondato nel 1998, su indicazione della <a href=\"http:\/\/www.premioboulvert.unina.it\" target=\"_blank\" rel=\"noreferrer noopener\">Giuria internazionale del \u00abPremio Boulvert<\/a>\u00bb, come \u00abConsorzio Interuniversitario Premio G\u00e9rard Boulvert\u00bb tra le Universit\u00e0 di Napoli Federico II, <a href=\"https:\/\/www.unicam.it\" target=\"_blank\" rel=\"noreferrer noopener\">Camerino<\/a>, <a href=\"http:\/\/https.\/\/web.unicz.it\/it\" target=\"_blank\" rel=\"noreferrer noopener\">Catanzaro Magna Gr\u00e6cia e di Reggio Calabria Mediterranea<\/a>. Ne hanno fatto parte in seguito anche l&#8217;<a href=\"https:\/\/www.unisi.it\" target=\"_blank\" rel=\"noreferrer noopener\">Universit\u00e0 di Siena<\/a> e l&#8217;<a href=\"https:\/\/www.unicas.it\" target=\"_blank\" rel=\"noreferrer noopener\">Universit\u00e0 di Cassino<\/a>.<br><br>La sede del Consorzio \u00e8 presso l\u2019<a href=\"http:\/\/www.unina.it\/\" data-type=\"link\" data-id=\"http:\/\/www.unina.it\/\" target=\"_blank\" rel=\"noreferrer noopener\">Universit\u00e0 di Napoli Federico II<\/a>, in via Porta di Massa, 32 I 80133 Napoli. Tel. +390812531019 fax +390812534327 e-mail: <a href=\"mailto:boulvert@unina.it\" target=\"_blank\" rel=\"noreferrer noopener\">boulvert@unina.it<\/a><\/p>\n","protected":false},"excerpt":{"rendered":"<p>Il \u00abConsorzio Interuniversitario G\u00e9rard Boulvert per lo studio della civilt\u00e0 giuridica europea e per la storia dei suoi ordinamenti\u00bb ha assunto l\u2019attuale denominazione nel 1999.\u00c8 costituito dall&#8217;Universit\u00e0 di Napoli Federico II, dall&#8217;Universit\u00e0 di Camerino, dall&#8217;Universit\u00e0 di Catanzaro Magna Gr\u00e6cia, dall&#8217;Universit\u00e0 Kore di Enna, dall&#8217;Universit\u00e0 di Roma La Sapienza, dall&#8217;Universit\u00e0 del Salento. Il Consorzio ha la [&hellip;]<\/p>\n","protected":false},"author":1,"featured_media":0,"parent":0,"menu_order":0,"comment_status":"closed","ping_status":"closed","template":"","meta":{"footnotes":""},"class_list":["post-11","page","type-page","status-publish","hentry"],"_links":{"self":[{"href":"http:\/\/www.consorzioboulvert.unina.it\/index.php?rest_route=\/wp\/v2\/pages\/11","targetHints":{"allow":["GET"]}}],"collection":[{"href":"http:\/\/www.consorzioboulvert.unina.it\/index.php?rest_route=\/wp\/v2\/pages"}],"about":[{"href":"http:\/\/www.consorzioboulvert.unina.it\/index.php?rest_route=\/wp\/v2\/types\/page"}],"author":[{"embeddable":true,"href":"http:\/\/www.consorzioboulvert.unina.it\/index.php?rest_route=\/wp\/v2\/users\/1"}],"replies":[{"embeddable":true,"href":"http:\/\/www.consorzioboulvert.unina.it\/index.php?rest_route=%2Fwp%2Fv2%2Fcomments&post=11"}],"version-history":[{"count":8,"href":"http:\/\/www.consorzioboulvert.unina.it\/index.php?rest_route=\/wp\/v2\/pages\/11\/revisions"}],"predecessor-version":[{"id":1180,"href":"http:\/\/www.consorzioboulvert.unina.it\/index.php?rest_route=\/wp\/v2\/pages\/11\/revisions\/1180"}],"wp:attachment":[{"href":"http:\/\/www.consorzioboulvert.unina.it\/index.php?rest_route=%2Fwp%2Fv2%2Fmedia&parent=11"}],"curies":[{"name":"wp","href":"https:\/\/api.w.org\/{rel}","templated":true}]}}