{"id":1138,"date":"2023-11-20T08:51:37","date_gmt":"2023-11-20T08:51:37","guid":{"rendered":"http:\/\/www.consorzioboulvert.unina.it\/?page_id=1138"},"modified":"2023-11-28T14:16:02","modified_gmt":"2023-11-28T14:16:02","slug":"personalita-giuridica-2","status":"publish","type":"page","link":"http:\/\/www.consorzioboulvert.unina.it\/?page_id=1138","title":{"rendered":"Personalit\u00e0 Giuridica"},"content":{"rendered":"\n<p><strong>IL D.M. 19 FEBBRAIO 2004<br>DI RICONOSCIMENTO<br>DELLA PERSONALIT\u00c0 GIURIDICA<br><br><br>IL MINISTRO DELL&#8217;ISTRUZIONE,<br>DELL&#8217;UNIVERSIT\u00c0 E DELLA RICERCA<\/strong><br><br><br>Preso atto che il Consorzio si propone di promuovere la ricerca e lo studio delle scienze storiche e giuridiche e di sviluppare studi e riflessioni sul diritto romano, sulla storia degli ordinamenti medioevali e moderni e sulle correlate realt\u00e0 economiche e sociali; opera sia nel campo dell&#8217;alta formazione che nella ricerca scientifica; concorre all&#8217;organizzazione, previa stipula di convenzioni con le universit\u00e0 interessate, di corsi post-laurea, di specializzazione, di dottorato di ricerca, anche in contutela, di seminari intensivi, di masters, di stages di formazione, anche in altri Paesi; cura pubblicazioni, anche periodiche, provvedendo alla loro edizione e distribuzione direttamente o tramite editori; provvede alla creazione di reti di ricerca nazionali e internazionali tra romanisti, storici del diritto intermedio, giuristi positivi, anche in collaborazione con ricercatori operanti in altre aree delle scienze sociali ed economiche; istituisce ed organizza periodicamente, in particolare, d&#8217;intesa con altri soggetti interessati, il \u201c<a href=\"http:\/\/www.premioboulvert.unina.it\" target=\"_blank\" rel=\"noreferrer noopener\">Premio romanistico internazionale G\u00e9rard Boulvert<\/a>\u201d;<br>Considerato che l&#8217;attivit\u00e0 che il Consorzio si prefigge di svolgere pu\u00f2 ritenersi utile ai fini sociali;<br>Visto l&#8217;art. 91 del D.P.R. 11.7.1980, n. 382 nel testo modificato dall&#8217;art. 12 della legge 9.12.1985, n. 705 e successive modifiche e integrazioni;<br><br><strong><br>DECRETA<br>art. 1<\/strong><\/p>\n\n\n\n<ol class=\"wp-block-list\">\n<li>\u00c8 riconosciuta la personalit\u00e0 giuridica del Consorzio Interuniversitario G\u00e9rard Boulvert per lo studio della civilt\u00e0 giuridica europea e la storia dei suoi ordinamenti con sede in Napoli e ne \u00e8 approvato lo statuto annesso al presente decreto.<\/li>\n\n\n\n<li>Il Consorzio \u00e8 autorizzato a concorrere all&#8217;organizzazione di corsi post-laurea, di specializzazione, di dottorato di ricerca, di masters e stages di formazione, anche in altri Paesi, previa stipula di convenzioni con le universit\u00e0 interessate. Restano riservate agli atenei la responsabilit\u00e0 didattica dei corsi medesimi ed il rilascio dei relativi titoli.<\/li>\n<\/ol>\n\n\n\n<p>Il presente decreto sar\u00e0 pubblicato in sunto nella Gazzetta Ufficiale della Repubblica Italiana.<\/p>\n\n\n\n<p class=\"has-text-align-center\">*<a href=\"https:\/\/www.comune.jesi.an.it\/ServiziOn-Line\/GazzetteLeggi\/\" target=\"_blank\" rel=\"noreferrer noopener\">In sunto in G.U. Serie generale n. 53 del 4 marzo 2004<\/a>.<\/p>\n","protected":false},"excerpt":{"rendered":"<p>IL D.M. 19 FEBBRAIO 2004DI RICONOSCIMENTODELLA PERSONALIT\u00c0 GIURIDICA IL MINISTRO DELL&#8217;ISTRUZIONE,DELL&#8217;UNIVERSIT\u00c0 E DELLA RICERCA Preso atto che il Consorzio si propone di promuovere la ricerca e lo studio delle scienze storiche e giuridiche e di sviluppare studi e riflessioni sul diritto romano, sulla storia degli ordinamenti medioevali e moderni e sulle correlate realt\u00e0 economiche e [&hellip;]<\/p>\n","protected":false},"author":2,"featured_media":0,"parent":0,"menu_order":0,"comment_status":"closed","ping_status":"closed","template":"","meta":{"footnotes":""},"class_list":["post-1138","page","type-page","status-publish","hentry"],"_links":{"self":[{"href":"http:\/\/www.consorzioboulvert.unina.it\/index.php?rest_route=\/wp\/v2\/pages\/1138","targetHints":{"allow":["GET"]}}],"collection":[{"href":"http:\/\/www.consorzioboulvert.unina.it\/index.php?rest_route=\/wp\/v2\/pages"}],"about":[{"href":"http:\/\/www.consorzioboulvert.unina.it\/index.php?rest_route=\/wp\/v2\/types\/page"}],"author":[{"embeddable":true,"href":"http:\/\/www.consorzioboulvert.unina.it\/index.php?rest_route=\/wp\/v2\/users\/2"}],"replies":[{"embeddable":true,"href":"http:\/\/www.consorzioboulvert.unina.it\/index.php?rest_route=%2Fwp%2Fv2%2Fcomments&post=1138"}],"version-history":[{"count":2,"href":"http:\/\/www.consorzioboulvert.unina.it\/index.php?rest_route=\/wp\/v2\/pages\/1138\/revisions"}],"predecessor-version":[{"id":1967,"href":"http:\/\/www.consorzioboulvert.unina.it\/index.php?rest_route=\/wp\/v2\/pages\/1138\/revisions\/1967"}],"wp:attachment":[{"href":"http:\/\/www.consorzioboulvert.unina.it\/index.php?rest_route=%2Fwp%2Fv2%2Fmedia&parent=1138"}],"curies":[{"name":"wp","href":"https:\/\/api.w.org\/{rel}","templated":true}]}}